{"id":33,"date":"2023-01-22T07:32:47","date_gmt":"2023-01-22T07:32:47","guid":{"rendered":"https:\/\/canadianfluoridationsociety.ca\/?page_id=33"},"modified":"2023-06-30T03:23:21","modified_gmt":"2023-06-30T03:23:21","slug":"contact","status":"publish","type":"page","link":"https:\/\/canadianfluoridationsociety.ca\/fr\/contact\/","title":{"rendered":"Contact"},"content":{"rendered":"<div class=\"wp-block-group is-layout-constrained wp-container-core-group-is-layout-9517baca wp-block-group-is-layout-constrained\">\n<h2 class=\"wp-block-heading has-text-align-center\">Merci de visiter notre site!<\/h2>\n\n\n\n<p>Si vous avez des questions ou des commentaires, nous serions ravis de vous entendre. N&#039;h\u00e9sitez pas \u00e0 nous envoyer un message et nous vous r\u00e9pondrons dans les plus brefs d\u00e9lais. Vos commentaires sont importants pour nous et nous appr\u00e9cions l&#039;opportunit\u00e9 de communiquer avec vous. Merci encore pour votre temps et nous esp\u00e9rons avoir de vos nouvelles bient\u00f4t.<\/p>\n\n\n\n<p>Veuillez remplir le formulaire ci-dessous et nous vous contacterons.<\/p>\n\n\n\n<div id=\"wp-block-themeisle-blocks-form-e2a3b792\" class=\"wp-block-themeisle-blocks-form\" data-option-name=\"bf9b28ff82ce323187abc5d0feb0d8f07ecd8436_e2a3b792\"><form class=\"otter-form__container\" action=\"\">\n<div id=\"wp-block-themeisle-blocks-form-input-fcfcb812\" class=\"wp-block-themeisle-blocks-form-input\"><label for=\"wp-block-themeisle-blocks-form-input-fcfcb812-input\" class=\"otter-form-input-label\"><span class=\"otter-form-input-label__label\">Nom<\/span><span class=\"required\">*<\/span><\/label><input type=\"text\" id=\"wp-block-themeisle-blocks-form-input-fcfcb812-input\" required class=\"otter-form-input\"\/><\/div>\n\n\n\n<div id=\"wp-block-themeisle-blocks-form-input-936872ff\" class=\"wp-block-themeisle-blocks-form-input\"><label for=\"wp-block-themeisle-blocks-form-input-936872ff-input\" class=\"otter-form-input-label\"><span class=\"otter-form-input-label__label\">E-mail<\/span><span class=\"required\">*<\/span><\/label><input type=\"email\" id=\"wp-block-themeisle-blocks-form-input-936872ff-input\" required class=\"otter-form-input\"\/><\/div>\n\n\n<div class=\"protection\" aria-hidden=\"true\"><input type=\"hidden\" id=\"wp-block-themeisle-blocks-form-e2a3b792_nonce_field\" name=\"wp-block-themeisle-blocks-form-e2a3b792_nonce_field\" value=\"4df96d8429\" \/><input type=\"hidden\" name=\"_wp_http_referer\" value=\"\/fr\/wp-json\/wp\/v2\/pages\/33\" \/><input class=\"o-anti-bot\" type=\"checkbox\"><\/div>\n\n\n<div id=\"wp-block-themeisle-blocks-form-textarea-99894576\" class=\"wp-block-themeisle-blocks-form-textarea\"><label for=\"wp-block-themeisle-blocks-form-textarea-99894576-input\" class=\"otter-form-textarea-label\"><span class=\"otter-form-textarea-label__label\">Message<\/span><\/label><textarea id=\"wp-block-themeisle-blocks-form-textarea-99894576-input\" rows=\"10\" class=\"otter-form-textarea-input\"><\/textarea><\/div>\n\n\n\n<p class=\"has-extra-small-font-size\">Vous acceptez de recevoir des communications par e-mail de notre part en soumettant ce formulaire et comprenez que vos informations de contact seront stock\u00e9es avec nous.<\/p>\n<div class=\"wp-block-button o-center\"><button class=\"wp-block-button__link\" type=\"submit\">Soumettre<\/button><\/div><input type=\"hidden\" name=\"trp-form-language\" value=\"fr\"\/><\/form><\/div>\n<\/div>","protected":false},"excerpt":{"rendered":"<p>Merci de visiter notre site! Si vous avez des questions ou des commentaires, nous serions ravis de vous entendre. N&#039;h\u00e9sitez pas \u00e0 nous envoyer un message et nous vous r\u00e9pondrons dans les plus brefs d\u00e9lais. Vos commentaires sont importants pour nous et nous appr\u00e9cions l\u2019opportunit\u00e9 de communiquer avec vous. Merci encore [\u2026]<\/p>","protected":false},"author":1,"featured_media":0,"parent":0,"menu_order":0,"comment_status":"closed","ping_status":"closed","template":"blank","meta":{"_themeisle_gutenberg_block_has_review":false,"footnotes":""},"class_list":["post-33","page","type-page","status-publish","hentry"],"_links":{"self":[{"href":"https:\/\/canadianfluoridationsociety.ca\/fr\/wp-json\/wp\/v2\/pages\/33","targetHints":{"allow":["GET"]}}],"collection":[{"href":"https:\/\/canadianfluoridationsociety.ca\/fr\/wp-json\/wp\/v2\/pages"}],"about":[{"href":"https:\/\/canadianfluoridationsociety.ca\/fr\/wp-json\/wp\/v2\/types\/page"}],"author":[{"embeddable":true,"href":"https:\/\/canadianfluoridationsociety.ca\/fr\/wp-json\/wp\/v2\/users\/1"}],"replies":[{"embeddable":true,"href":"https:\/\/canadianfluoridationsociety.ca\/fr\/wp-json\/wp\/v2\/comments?post=33"}],"version-history":[{"count":5,"href":"https:\/\/canadianfluoridationsociety.ca\/fr\/wp-json\/wp\/v2\/pages\/33\/revisions"}],"predecessor-version":[{"id":1282,"href":"https:\/\/canadianfluoridationsociety.ca\/fr\/wp-json\/wp\/v2\/pages\/33\/revisions\/1282"}],"wp:attachment":[{"href":"https:\/\/canadianfluoridationsociety.ca\/fr\/wp-json\/wp\/v2\/media?parent=33"}],"curies":[{"name":"wp","href":"https:\/\/api.w.org\/{rel}","templated":true}]}}