{"id":19,"date":"2023-01-22T07:15:32","date_gmt":"2023-01-22T07:15:32","guid":{"rendered":"https:\/\/canadianfluoridationsociety.ca\/?page_id=19"},"modified":"2023-10-24T22:38:12","modified_gmt":"2023-10-24T22:38:12","slug":"about","status":"publish","type":"page","link":"https:\/\/canadianfluoridationsociety.ca\/fr\/about\/","title":{"rendered":"\u00c0 propos"},"content":{"rendered":"<div class=\"wp-block-columns alignwide is-layout-flex wp-container-core-columns-is-layout-28f84493 wp-block-columns-is-layout-flex\">\n<div class=\"wp-block-column is-layout-flow wp-block-column-is-layout-flow\">\n<div class=\"wp-block-section wp-block-cta wp-block-promotional-contact wp-block-cover alignfull is-light\" style=\"border-style:none;border-width:0px;border-radius:30px;padding-top:0;padding-right:0;padding-bottom:0;padding-left:0;min-height:350px;aspect-ratio:unset;\"><span aria-hidden=\"true\" class=\"wp-block-cover__background has-background-dim-10 has-background-dim\"><\/span><img decoding=\"async\" width=\"2560\" height=\"969\" class=\"wp-block-cover__image-background wp-image-728 lazyload\" alt=\"\" data-src=\"https:\/\/canadianfluoridationsociety.ca\/wp-content\/uploads\/2023\/05\/AdobeStock_398988018-scaled.jpeg\" style=\"--smush-placeholder-width: 2560px; --smush-placeholder-aspect-ratio: 2560\/969;object-position:50% 100%\" data-object-fit=\"cover\" data-object-position=\"50% 100%\" data-srcset=\"https:\/\/canadianfluoridationsociety.ca\/wp-content\/uploads\/2023\/05\/AdobeStock_398988018-scaled.jpeg 2560w, https:\/\/canadianfluoridationsociety.ca\/wp-content\/uploads\/2023\/05\/AdobeStock_398988018-300x114.jpeg 300w, https:\/\/canadianfluoridationsociety.ca\/wp-content\/uploads\/2023\/05\/AdobeStock_398988018-1024x388.jpeg 1024w, https:\/\/canadianfluoridationsociety.ca\/wp-content\/uploads\/2023\/05\/AdobeStock_398988018-768x291.jpeg 768w, https:\/\/canadianfluoridationsociety.ca\/wp-content\/uploads\/2023\/05\/AdobeStock_398988018-1536x582.jpeg 1536w, https:\/\/canadianfluoridationsociety.ca\/wp-content\/uploads\/2023\/05\/AdobeStock_398988018-2048x775.jpeg 2048w\" data-sizes=\"(max-width: 2560px) 100vw, 2560px\" src=\"data:image\/gif;base64,R0lGODlhAQABAAAAACH5BAEKAAEALAAAAAABAAEAAAICTAEAOw==\" \/><div class=\"wp-block-cover__inner-container is-layout-constrained wp-container-core-cover-is-layout-254f1302 wp-block-cover-is-layout-constrained\">\n<div class=\"wp-block-columns alignwide are-vertically-aligned-center is-layout-constrained wp-block-columns-is-layout-constrained\">\n<div class=\"wp-block-column is-vertically-aligned-center is-layout-flow wp-container-core-column-is-layout-b29f0e7a wp-block-column-is-layout-flow\" style=\"border-style:none;border-width:0px;margin-top:0;margin-bottom:0;padding-top:var(--wp--preset--spacing--30);padding-right:var(--wp--preset--spacing--30);padding-bottom:var(--wp--preset--spacing--30);padding-left:var(--wp--preset--spacing--30)\"><div class=\"aligncenter is-style-default wp-block-site-logo\"><a href=\"https:\/\/canadianfluoridationsociety.ca\/fr\/\" class=\"custom-logo-link\" rel=\"home\"><img decoding=\"async\" width=\"106\" height=\"106\" data-src=\"https:\/\/canadianfluoridationsociety.ca\/wp-content\/uploads\/2023\/04\/Banner.png\" class=\"custom-logo lazyload\" alt=\"Canadian Fluoridation Society\" data-srcset=\"https:\/\/canadianfluoridationsociety.ca\/wp-content\/uploads\/2023\/04\/Banner.png 410w, https:\/\/canadianfluoridationsociety.ca\/wp-content\/uploads\/2023\/04\/Banner-300x300.png 300w, https:\/\/canadianfluoridationsociety.ca\/wp-content\/uploads\/2023\/04\/Banner-150x150.png 150w\" data-sizes=\"(max-width: 106px) 100vw, 106px\" src=\"data:image\/gif;base64,R0lGODlhAQABAAAAACH5BAEKAAEALAAAAAABAAEAAAICTAEAOw==\" style=\"--smush-placeholder-width: 106px; --smush-placeholder-aspect-ratio: 106\/106;\" \/><\/a><\/div><\/div>\n<\/div>\n\n\n\n<div class=\"wp-block-columns is-layout-constrained wp-block-columns-is-layout-constrained\" style=\"padding-top:var(--wp--preset--spacing--30)\">\n<div class=\"wp-block-column is-layout-flow wp-block-column-is-layout-flow\">\n<h2 class=\"wp-block-heading has-text-align-center has-text-link-color has-text-color has-product-heading-font-size\" style=\"font-style:normal;font-weight:500;text-transform:capitalize\">\u00c0 propos de l&#039;organisation<\/h2>\n<\/div>\n<\/div>\n<\/div><\/div>\n<\/div>\n<\/div>\n\n\n\n<div style=\"height:25px\" aria-hidden=\"true\" class=\"wp-block-spacer\"><\/div>\n\n\n\n<div class=\"wp-block-group is-layout-constrained wp-block-group-is-layout-constrained\">\n<h2 class=\"wp-block-heading has-text-align-center\" id=\"Who_We_Are\"><strong>Qui nous sommes<\/strong><\/h2>\n\n\n\n<hr class=\"is-style-wide wp-block-separator has-text-color has-alpha-channel-opacity has-background\" style=\"margin-top:var(--wp--preset--spacing--30);margin-bottom:var(--wp--preset--spacing--30);background-color:#212121;color:#212121\"\/>\n\n\n\n<p class=\"\">Nous sommes un groupe de Canadiens qui reconnaissent que la fluoration de l&#039;eau est une mesure de sant\u00e9 publique qui profite \u00e0 tous. Notre travail est bas\u00e9 sur l&#039;opinion consensuelle des scientifiques qui lisent et comprennent la litt\u00e9rature \u00e9valu\u00e9e par les pairs.<\/p>\n\n\n\n<p class=\"\">Sur ce site Web, nous fournissons des informations fiables sur la fluoration et r\u00e9pondons \u00e0 de nombreuses fausses d\u00e9clarations.<\/p>\n\n\n\n<p class=\"\">Nous fournissons un soutien aux r\u00e9sidents locaux de toute communaut\u00e9 au Canada qui cherchent \u00e0 am\u00e9liorer la sant\u00e9 bucco-dentaire de leur communaut\u00e9 gr\u00e2ce \u00e0 la fluoration.<\/p>\n<\/div>\n\n\n\n<div style=\"height:25px\" aria-hidden=\"true\" class=\"wp-block-spacer\"><\/div>\n\n\n\n<div class=\"wp-block-group is-layout-constrained wp-block-group-is-layout-constrained\">\n<h2 class=\"wp-block-heading has-text-align-center\" id=\"Our_Story\"><strong>Notre histoire<\/strong><\/h2>\n\n\n\n<hr class=\"is-style-wide wp-block-separator has-text-color has-alpha-channel-opacity has-background\" style=\"margin-top:var(--wp--preset--spacing--30);margin-bottom:var(--wp--preset--spacing--30);background-color:#212121;color:#212121\"\/>\n\n\n\n<p class=\"\" style=\"margin-top:var(--wp--preset--spacing--30);margin-right:var(--wp--preset--spacing--30);margin-bottom:var(--wp--preset--spacing--30);margin-left:var(--wp--preset--spacing--30);padding-top:0;padding-right:0;padding-bottom:0;padding-left:0\">L&#039;aventure de la Soci\u00e9t\u00e9 canadienne de fluoration a commenc\u00e9 lorsqu&#039;un groupe interdisciplinaire de personnes a uni ses forces \u00e0 la suite de la d\u00e9cision du gouvernement f\u00e9d\u00e9ral d&#039;allouer $13 milliards sur cinq ans aux soins dentaires. Cet investissement substantiel reconna\u00eet les besoins dentaires non satisfaits et les co\u00fbts \u00e9lev\u00e9s associ\u00e9s au traitement des probl\u00e8mes dentaires. Cependant, la pr\u00e9vention est toujours pr\u00e9f\u00e9rable au traitement car elle r\u00e9duit la douleur, la souffrance et le fardeau financier. La fluoration est une mesure pr\u00e9ventive efficace, accessible sans effort \u00e0 tous ceux qui boivent de l\u2019eau du robinet. La fluoration offre un moyen s\u00fbr et rentable de r\u00e9duire la carie dentaire d&#039;environ 25%.<\/p>\n<\/div>\n\n\n\n<div style=\"height:25px\" aria-hidden=\"true\" class=\"wp-block-spacer\"><\/div>\n\n\n\n<div class=\"wp-block-group is-layout-constrained wp-block-group-is-layout-constrained\">\n<h2 class=\"wp-block-heading has-text-align-center\" id=\"Our_Story\" style=\"text-transform:capitalize\"><strong>Notre groupe comprend<\/strong><\/h2>\n\n\n\n<hr class=\"is-style-wide wp-block-separator has-text-color has-alpha-channel-opacity has-background\" style=\"margin-top:var(--wp--preset--spacing--30);margin-bottom:var(--wp--preset--spacing--30);background-color:#212121;color:#212121\"\/>\n\n\n\n<ul class=\"wp-block-list\">\n<li class=\"\">hommes d&#039;affaires<\/li>\n\n\n\n<li class=\"\">dentistes, hygi\u00e9nistes dentaires et m\u00e9decins<\/li>\n\n\n\n<li class=\"\">professeurs de dentisterie pr\u00e9ventive, de dentisterie restauratrice, de g\u00e9rodontologie, d&#039;hygi\u00e8ne dentaire, de m\u00e9decine familiale, de p\u00e9diatrie, de m\u00e9decine de soins intensifs, d&#039;\u00e9pid\u00e9miologie, de nutrition, de psychologie, de droit et d&#039;\u00e9thique<\/li>\n\n\n\n<li class=\"\">\u00e9tudiants dipl\u00f4m\u00e9s et de premier cycle en sciences de la sant\u00e9<\/li>\n\n\n\n<li class=\"\">parents et membres de la communaut\u00e9<\/li>\n<\/ul>\n\n\n\n<div class=\"wp-block-columns is-layout-constrained wp-block-columns-is-layout-constrained\" style=\"padding-top:var(--wp--preset--spacing--30)\">\n<div class=\"wp-block-column is-layout-flow wp-block-column-is-layout-flow\">\n<div class=\"wp-block-buttons is-content-justification-center is-layout-flex wp-container-core-buttons-is-layout-a89b3969 wp-block-buttons-is-layout-flex\">\n<div class=\"wp-block-button\"><a class=\"wp-block-button__link has-text-link-background-color has-background wp-element-button\" href=\"https:\/\/canadianfluoridationsociety.ca\/fr\/our-team\/\">Rencontrer l&#039;\u00e9quipe<\/a><\/div>\n<\/div>\n<\/div>\n<\/div>\n<\/div>\n\n\n\n<div style=\"height:25px\" aria-hidden=\"true\" class=\"wp-block-spacer\"><\/div>\n\n\n\n<div class=\"wp-block-group is-layout-constrained wp-block-group-is-layout-constrained\">\n<div class=\"wp-block-section wp-block-cta wp-block-promotional-contact ticss-b5f02fed wp-block-cover alignfull is-light wp-duotone-unset-1\" style=\"margin-top:var(--wp--preset--spacing--20);margin-bottom:var(--wp--preset--spacing--20);padding-top:0;padding-bottom:0;min-height:565px;aspect-ratio:unset;\"><span aria-hidden=\"true\" class=\"wp-block-cover__background has-foreground-background-color has-background-dim-30 has-background-dim\"><\/span><img decoding=\"async\" width=\"1875\" height=\"1707\" class=\"wp-block-cover__image-background wp-image-980 lazyload\" alt=\"\" data-src=\"https:\/\/canadianfluoridationsociety.ca\/wp-content\/uploads\/2023\/05\/0316df59e5169cc755a1af8b02c15ed2b7875f3a27e4ea5be5b4b9c8ee0d6cb1-scaled-e1684124795452.jpg\" style=\"--smush-placeholder-width: 1875px; --smush-placeholder-aspect-ratio: 1875\/1707;object-position:63% 47%\" data-object-fit=\"cover\" data-object-position=\"63% 47%\" data-srcset=\"https:\/\/canadianfluoridationsociety.ca\/wp-content\/uploads\/2023\/05\/0316df59e5169cc755a1af8b02c15ed2b7875f3a27e4ea5be5b4b9c8ee0d6cb1-scaled-e1684124795452.jpg 1875w, https:\/\/canadianfluoridationsociety.ca\/wp-content\/uploads\/2023\/05\/0316df59e5169cc755a1af8b02c15ed2b7875f3a27e4ea5be5b4b9c8ee0d6cb1-scaled-e1684124795452-300x273.jpg 300w, https:\/\/canadianfluoridationsociety.ca\/wp-content\/uploads\/2023\/05\/0316df59e5169cc755a1af8b02c15ed2b7875f3a27e4ea5be5b4b9c8ee0d6cb1-scaled-e1684124795452-1024x932.jpg 1024w, https:\/\/canadianfluoridationsociety.ca\/wp-content\/uploads\/2023\/05\/0316df59e5169cc755a1af8b02c15ed2b7875f3a27e4ea5be5b4b9c8ee0d6cb1-scaled-e1684124795452-768x699.jpg 768w, https:\/\/canadianfluoridationsociety.ca\/wp-content\/uploads\/2023\/05\/0316df59e5169cc755a1af8b02c15ed2b7875f3a27e4ea5be5b4b9c8ee0d6cb1-scaled-e1684124795452-1536x1398.jpg 1536w\" data-sizes=\"(max-width: 1875px) 100vw, 1875px\" src=\"data:image\/gif;base64,R0lGODlhAQABAAAAACH5BAEKAAEALAAAAAABAAEAAAICTAEAOw==\" \/><div class=\"wp-block-cover__inner-container is-layout-constrained wp-block-cover-is-layout-constrained\">\n<div class=\"wp-block-group is-layout-constrained wp-block-group-is-layout-constrained\">\n<div class=\"wp-block-group is-layout-flow wp-container-core-group-is-layout-663b3283 wp-block-group-is-layout-flow\">\n<div class=\"wp-block-group-heading wp-block-group is-layout-flow wp-block-group-is-layout-flow\">\n<h2 class=\"wp-block-heading has-text-align-center has-text-link-color has-text-color\" style=\"padding-top:0;padding-right:0;padding-bottom:var(--wp--preset--spacing--50);padding-left:0;font-style:normal;font-weight:500;text-transform:none\">Seulement 38,8% de Canadiens b\u00e9n\u00e9ficient actuellement de la fluoration de l&#039;eau<\/h2>\n\n\n\n<h6 class=\"wp-block-heading has-text-align-center has-text-link-color has-text-color has-upper-heading-font-size\" style=\"padding-top:0;padding-right:var(--wp--preset--spacing--50);padding-bottom:var(--wp--preset--spacing--40);padding-left:var(--wp--preset--spacing--50);line-height:1;text-transform:uppercase\">Nous visons \u00e0 am\u00e9liorer cette statistique<\/h6>\n<\/div>\n\n\n\n<div class=\"wp-block-buttons is-content-justification-center is-layout-flex wp-container-core-buttons-is-layout-a89b3969 wp-block-buttons-is-layout-flex\">\n<div class=\"wp-block-button\" style=\"text-transform:none\"><a class=\"wp-block-button__link has-background has-text-align-center wp-element-button\" href=\"https:\/\/canadianfluoridationsociety.ca\/fr\/contact\/\" style=\"background-color:#8bcde3\">Vos questions et votre participation sont les bienvenues<\/a><\/div>\n<\/div>\n<\/div>\n<\/div>\n<\/div><\/div>\n<\/div>","protected":false},"excerpt":{"rendered":"<p>Qui nous sommes Nous sommes un groupe de Canadiens qui reconnaissent que la fluoration de l&#039;eau est une mesure de sant\u00e9 publique qui profite \u00e0 tout le monde. Notre travail est bas\u00e9 sur l\u2019opinion consensuelle de scientifiques qui lisent et comprennent la litt\u00e9rature \u00e9valu\u00e9e par les pairs. Sur ce site Web, nous fournissons des informations fiables sur la fluoration et r\u00e9pondons \u00e0 de nombreuses fausses all\u00e9gations. Nous [\u2026]<\/p>","protected":false},"author":1,"featured_media":0,"parent":0,"menu_order":0,"comment_status":"closed","ping_status":"closed","template":"blank","meta":{"_themeisle_gutenberg_block_has_review":false,"footnotes":""},"class_list":["post-19","page","type-page","status-publish","hentry"],"_links":{"self":[{"href":"https:\/\/canadianfluoridationsociety.ca\/fr\/wp-json\/wp\/v2\/pages\/19","targetHints":{"allow":["GET"]}}],"collection":[{"href":"https:\/\/canadianfluoridationsociety.ca\/fr\/wp-json\/wp\/v2\/pages"}],"about":[{"href":"https:\/\/canadianfluoridationsociety.ca\/fr\/wp-json\/wp\/v2\/types\/page"}],"author":[{"embeddable":true,"href":"https:\/\/canadianfluoridationsociety.ca\/fr\/wp-json\/wp\/v2\/users\/1"}],"replies":[{"embeddable":true,"href":"https:\/\/canadianfluoridationsociety.ca\/fr\/wp-json\/wp\/v2\/comments?post=19"}],"version-history":[{"count":5,"href":"https:\/\/canadianfluoridationsociety.ca\/fr\/wp-json\/wp\/v2\/pages\/19\/revisions"}],"predecessor-version":[{"id":1411,"href":"https:\/\/canadianfluoridationsociety.ca\/fr\/wp-json\/wp\/v2\/pages\/19\/revisions\/1411"}],"wp:attachment":[{"href":"https:\/\/canadianfluoridationsociety.ca\/fr\/wp-json\/wp\/v2\/media?parent=19"}],"curies":[{"name":"wp","href":"https:\/\/api.w.org\/{rel}","templated":true}]}}